{"id":15551,"date":"2023-08-09T14:06:47","date_gmt":"2023-08-09T12:06:47","guid":{"rendered":"https:\/\/careers.vynova-group.com\/locations\/"},"modified":"2025-04-22T10:49:29","modified_gmt":"2025-04-22T08:49:29","slug":"locations","status":"publish","type":"page","link":"https:\/\/careers.vynova-group.com\/de\/locations\/","title":{"rendered":"Standorte"},"content":{"rendered":"\t\t<div data-elementor-type=\"wp-page\" data-elementor-id=\"15551\" class=\"elementor elementor-15551 elementor-118\" data-elementor-post-type=\"page\">\n\t\t\t\t<div class=\"elementor-element elementor-element-288f97d e-flex e-con-boxed e-con e-parent\" data-id=\"288f97d\" data-element_type=\"container\" data-e-type=\"container\">\n\t\t\t\t\t<div class=\"e-con-inner\">\n\t\t\t\t<div class=\"elementor-element elementor-element-c0a1827 elementor-widget elementor-widget-breadcrumbs\" data-id=\"c0a1827\" data-element_type=\"widget\" data-e-type=\"widget\" data-widget_type=\"breadcrumbs.default\">\n\t\t\t\t\t<p id=\"breadcrumbs\"><span><span><a href=\"https:\/\/careers.vynova-group.com\/de\/home\/\">Home<\/a><\/span><\/span><\/p>\t\t\t\t<\/div>\n\t\t\t\t<div class=\"elementor-element elementor-element-f63a903 elementor-widget elementor-widget-heading\" data-id=\"f63a903\" data-element_type=\"widget\" data-e-type=\"widget\" data-widget_type=\"heading.default\">\n\t\t\t\t\t<h1 class=\"elementor-heading-title elementor-size-default\">Unsere Standorte <\/h1>\t\t\t\t<\/div>\n\t\t\t\t<div class=\"elementor-element elementor-element-654e34a elementor-widget__width-initial elementor-widget elementor-widget-text-editor\" data-id=\"654e34a\" data-element_type=\"widget\" data-e-type=\"widget\" data-widget_type=\"text-editor.default\">\n\t\t\t\t\t\t\t\t\t<p><span style=\"font-weight: 400;\">Wir haben mehrere Standorte in ganz Europa. Entdecken Sie die Besonderheiten unserer Standorte und die Jobs, die wir an den verschiedenen Niederlassungen zu bieten haben. &nbsp;<\/span><span style=\"font-weight: 400;\"><br \/><\/span><\/p>\n\t\t\t\t\t\t\t\t<\/div>\n\t\t\t\t\t<\/div>\n\t\t\t\t<\/div>\n\t\t<div class=\"elementor-element elementor-element-cb5f39e e-flex e-con-boxed e-con e-parent\" data-id=\"cb5f39e\" data-element_type=\"container\" data-e-type=\"container\">\n\t\t\t\t\t<div class=\"e-con-inner\">\n\t\t<div class=\"elementor-element elementor-element-7cb8dd7 e-flex e-con-boxed e-con e-child\" data-id=\"7cb8dd7\" data-element_type=\"container\" data-e-type=\"container\">\n\t\t\t\t\t<div class=\"e-con-inner\">\n\t\t<a class=\"elementor-element elementor-element-fcee2c7 e-flex e-con-boxed e-con e-child\" data-id=\"fcee2c7\" data-element_type=\"container\" data-e-type=\"container\" href=\"https:\/\/careers.vynova-group.com\/de\/location\/tessenderlo-belgium\/\">\n\t\t\t\t\t<div class=\"e-con-inner\">\n\t\t\t\t<div class=\"elementor-element elementor-element-2b871d5 elementor-widget elementor-widget-image\" data-id=\"2b871d5\" data-element_type=\"widget\" data-e-type=\"widget\" data-widget_type=\"image.default\">\n\t\t\t\t\t\t\t\t\t\t\t\t<figure class=\"wp-caption\">\n\t\t\t\t\t\t\t\t\t\t<img fetchpriority=\"high\" decoding=\"async\" width=\"500\" height=\"500\" src=\"https:\/\/careers.vynova-group.com\/wp-content\/uploads\/2025\/03\/Tessenderlo.webp\" class=\"attachment-large size-large wp-image-35238\" alt=\"\" srcset=\"https:\/\/careers.vynova-group.com\/wp-content\/uploads\/2025\/03\/Tessenderlo.webp 500w, https:\/\/careers.vynova-group.com\/wp-content\/uploads\/2025\/03\/Tessenderlo-300x300.webp 300w, https:\/\/careers.vynova-group.com\/wp-content\/uploads\/2025\/03\/Tessenderlo-150x150.webp 150w\" sizes=\"(max-width: 500px) 100vw, 500px\" \/>\t\t\t\t\t\t\t\t\t\t\t<figcaption class=\"widget-image-caption wp-caption-text\">Tessenderlo <br>(Belgien)<\/figcaption>\n\t\t\t\t\t\t\t\t\t\t<\/figure>\n\t\t\t\t\t\t\t\t\t<\/div>\n\t\t\t\t\t<\/div>\n\t\t\t\t<\/a>\n\t\t<a class=\"elementor-element elementor-element-b2bf88c e-flex e-con-boxed e-con e-child\" data-id=\"b2bf88c\" data-element_type=\"container\" data-e-type=\"container\" href=\"https:\/\/careers.vynova-group.com\/de\/location\/wilhelmshaven-deutschland\/\">\n\t\t\t\t\t<div class=\"e-con-inner\">\n\t\t\t\t<div class=\"elementor-element elementor-element-10195d1 elementor-widget elementor-widget-image\" data-id=\"10195d1\" data-element_type=\"widget\" data-e-type=\"widget\" data-widget_type=\"image.default\">\n\t\t\t\t\t\t\t\t\t\t\t\t<figure class=\"wp-caption\">\n\t\t\t\t\t\t\t\t\t\t<img decoding=\"async\" width=\"500\" height=\"500\" src=\"https:\/\/careers.vynova-group.com\/wp-content\/uploads\/2025\/03\/Wilhelmshaven.webp\" class=\"attachment-large size-large wp-image-35242\" alt=\"\" srcset=\"https:\/\/careers.vynova-group.com\/wp-content\/uploads\/2025\/03\/Wilhelmshaven.webp 500w, https:\/\/careers.vynova-group.com\/wp-content\/uploads\/2025\/03\/Wilhelmshaven-300x300.webp 300w, https:\/\/careers.vynova-group.com\/wp-content\/uploads\/2025\/03\/Wilhelmshaven-150x150.webp 150w\" sizes=\"(max-width: 500px) 100vw, 500px\" \/>\t\t\t\t\t\t\t\t\t\t\t<figcaption class=\"widget-image-caption wp-caption-text\">Wilhelmshaven <br>(Deutschland)<\/figcaption>\n\t\t\t\t\t\t\t\t\t\t<\/figure>\n\t\t\t\t\t\t\t\t\t<\/div>\n\t\t\t\t\t<\/div>\n\t\t\t\t<\/a>\n\t\t<a class=\"elementor-element elementor-element-bf77531 e-flex e-con-boxed e-con e-child\" data-id=\"bf77531\" data-element_type=\"container\" data-e-type=\"container\" href=\"https:\/\/careers.vynova-group.com\/de\/location\/mazingarbe-france\/\">\n\t\t\t\t\t<div class=\"e-con-inner\">\n\t\t\t\t<div class=\"elementor-element elementor-element-38ecc9b elementor-widget elementor-widget-image\" data-id=\"38ecc9b\" data-element_type=\"widget\" data-e-type=\"widget\" data-widget_type=\"image.default\">\n\t\t\t\t\t\t\t\t\t\t\t\t<figure class=\"wp-caption\">\n\t\t\t\t\t\t\t\t\t\t<img decoding=\"async\" width=\"500\" height=\"500\" src=\"https:\/\/careers.vynova-group.com\/wp-content\/uploads\/2025\/03\/Mazingarbe.webp\" class=\"attachment-large size-large wp-image-35246\" alt=\"\" srcset=\"https:\/\/careers.vynova-group.com\/wp-content\/uploads\/2025\/03\/Mazingarbe.webp 500w, https:\/\/careers.vynova-group.com\/wp-content\/uploads\/2025\/03\/Mazingarbe-300x300.webp 300w, https:\/\/careers.vynova-group.com\/wp-content\/uploads\/2025\/03\/Mazingarbe-150x150.webp 150w\" sizes=\"(max-width: 500px) 100vw, 500px\" \/>\t\t\t\t\t\t\t\t\t\t\t<figcaption class=\"widget-image-caption wp-caption-text\">Mazingarbe <br>(Frankreich)<\/figcaption>\n\t\t\t\t\t\t\t\t\t\t<\/figure>\n\t\t\t\t\t\t\t\t\t<\/div>\n\t\t\t\t\t<\/div>\n\t\t\t\t<\/a>\n\t\t\t\t\t<\/div>\n\t\t\t\t<\/div>\n\t\t<div class=\"elementor-element elementor-element-aeef89f e-flex e-con-boxed e-con e-child\" data-id=\"aeef89f\" data-element_type=\"container\" data-e-type=\"container\">\n\t\t\t\t\t<div class=\"e-con-inner\">\n\t\t<a class=\"elementor-element elementor-element-966957a e-flex e-con-boxed e-con e-child\" data-id=\"966957a\" data-element_type=\"container\" data-e-type=\"container\" href=\"https:\/\/careers.vynova-group.com\/de\/location\/beek-the-netherlands\/\">\n\t\t\t\t\t<div class=\"e-con-inner\">\n\t\t\t\t<div class=\"elementor-element elementor-element-28d8fb0 elementor-widget elementor-widget-image\" data-id=\"28d8fb0\" data-element_type=\"widget\" data-e-type=\"widget\" data-widget_type=\"image.default\">\n\t\t\t\t\t\t\t\t\t\t\t\t<figure class=\"wp-caption\">\n\t\t\t\t\t\t\t\t\t\t<img loading=\"lazy\" decoding=\"async\" width=\"500\" height=\"500\" src=\"https:\/\/careers.vynova-group.com\/wp-content\/uploads\/2025\/03\/Beek.webp\" class=\"attachment-large size-large wp-image-35250\" alt=\"\" srcset=\"https:\/\/careers.vynova-group.com\/wp-content\/uploads\/2025\/03\/Beek.webp 500w, https:\/\/careers.vynova-group.com\/wp-content\/uploads\/2025\/03\/Beek-300x300.webp 300w, https:\/\/careers.vynova-group.com\/wp-content\/uploads\/2025\/03\/Beek-150x150.webp 150w\" sizes=\"(max-width: 500px) 100vw, 500px\" \/>\t\t\t\t\t\t\t\t\t\t\t<figcaption class=\"widget-image-caption wp-caption-text\">Beek <br>(Niederlande)<\/figcaption>\n\t\t\t\t\t\t\t\t\t\t<\/figure>\n\t\t\t\t\t\t\t\t\t<\/div>\n\t\t\t\t\t<\/div>\n\t\t\t\t<\/a>\n\t\t<a class=\"elementor-element elementor-element-0f5059c e-flex e-con-boxed e-con e-child\" data-id=\"0f5059c\" data-element_type=\"container\" data-e-type=\"container\" href=\"https:\/\/careers.vynova-group.com\/de\/location\/runcorn-uk\/\">\n\t\t\t\t\t<div class=\"e-con-inner\">\n\t\t\t\t<div class=\"elementor-element elementor-element-1c0b76e elementor-widget elementor-widget-image\" data-id=\"1c0b76e\" data-element_type=\"widget\" data-e-type=\"widget\" data-widget_type=\"image.default\">\n\t\t\t\t\t\t\t\t\t\t\t\t<figure class=\"wp-caption\">\n\t\t\t\t\t\t\t\t\t\t<img loading=\"lazy\" decoding=\"async\" width=\"500\" height=\"500\" src=\"https:\/\/careers.vynova-group.com\/wp-content\/uploads\/2025\/03\/Runcorn_site-1-1-e1723035775166.webp\" class=\"attachment-large size-large wp-image-35254\" alt=\"\" srcset=\"https:\/\/careers.vynova-group.com\/wp-content\/uploads\/2025\/03\/Runcorn_site-1-1-e1723035775166.webp 500w, https:\/\/careers.vynova-group.com\/wp-content\/uploads\/2025\/03\/Runcorn_site-1-1-e1723035775166-300x300.webp 300w, https:\/\/careers.vynova-group.com\/wp-content\/uploads\/2025\/03\/Runcorn_site-1-1-e1723035775166-150x150.webp 150w\" sizes=\"(max-width: 500px) 100vw, 500px\" \/>\t\t\t\t\t\t\t\t\t\t\t<figcaption class=\"widget-image-caption wp-caption-text\">Runcorn <br>(Vereinigtes K\u00f6nigreich)<\/figcaption>\n\t\t\t\t\t\t\t\t\t\t<\/figure>\n\t\t\t\t\t\t\t\t\t<\/div>\n\t\t\t\t\t<\/div>\n\t\t\t\t<\/a>\n\t\t<div class=\"elementor-element elementor-element-22aab98 e-flex e-con-boxed e-con e-child\" data-id=\"22aab98\" data-element_type=\"container\" data-e-type=\"container\">\n\t\t\t\t\t<div class=\"e-con-inner\">\n\t\t\t\t\t<\/div>\n\t\t\t\t<\/div>\n\t\t\t\t\t<\/div>\n\t\t\t\t<\/div>\n\t\t\t\t\t<\/div>\n\t\t\t\t<\/div>\n\t\t<div class=\"elementor-element elementor-element-c0468f1 e-flex e-con-boxed e-con e-parent\" data-id=\"c0468f1\" data-element_type=\"container\" data-e-type=\"container\" data-settings=\"{&quot;background_background&quot;:&quot;classic&quot;}\">\n\t\t\t\t\t<div class=\"e-con-inner\">\n\t\t\t\t<div class=\"elementor-element elementor-element-ef1b09d elementor-widget elementor-widget-image\" data-id=\"ef1b09d\" data-element_type=\"widget\" data-e-type=\"widget\" data-widget_type=\"image.default\">\n\t\t\t\t\t\t\t\t\t\t\t\t\t\t\t<img loading=\"lazy\" decoding=\"async\" width=\"1\" height=\"1\" src=\"https:\/\/careers.vynova-group.com\/wp-content\/uploads\/2025\/04\/Vynova_locations-1.svg\" class=\"attachment-large size-large wp-image-49038\" alt=\"\" \/>\t\t\t\t\t\t\t\t\t\t\t\t\t\t\t<\/div>\n\t\t<div class=\"elementor-element elementor-element-35d70e3 e-con-full e-flex e-con e-child\" data-id=\"35d70e3\" data-element_type=\"container\" data-e-type=\"container\">\n\t\t\t\t<div class=\"elementor-element elementor-element-050095b elementor-widget elementor-widget-heading\" data-id=\"050095b\" data-element_type=\"widget\" data-e-type=\"widget\" data-widget_type=\"heading.default\">\n\t\t\t\t\t<h2 class=\"elementor-heading-title elementor-size-default\">Unsere Vynova-Standorte in ganz Europa<\/h2>\t\t\t\t<\/div>\n\t\t\t\t<div class=\"elementor-element elementor-element-b3c9090 elementor-widget elementor-widget-text-editor\" data-id=\"b3c9090\" data-element_type=\"widget\" data-e-type=\"widget\" data-widget_type=\"text-editor.default\">\n\t\t\t\t\t\t\t\t\t<p><span style=\"font-weight: 400;\">Jeder Standort hat seine eigene Geschichte und seine eigene Expertise, aber eines haben alle Standorte gemeinsam: Sie suchen engagierte Kollegen, die sich ihnen anschlie\u00dfen m\u00f6chten. Entdecken Sie die Standorte in Ihrer N\u00e4he. Oder auch weiter entfernt, wenn Sie f\u00fcr ein Abenteuer bereit sind.   <\/span><\/p>\n\t\t\t\t\t\t\t\t<\/div>\n\t\t\t\t<div class=\"elementor-element elementor-element-03102f6 elementor-widget elementor-widget-button\" data-id=\"03102f6\" data-element_type=\"widget\" data-e-type=\"widget\" data-widget_type=\"button.default\">\n\t\t\t\t\t\t\t\t\t\t<a class=\"elementor-button elementor-button-link elementor-size-sm\" href=\"https:\/\/careers.vynova-group.com\/de\/location\/tessenderlo-belgium\/\">\n\t\t\t\t\t\t<span class=\"elementor-button-content-wrapper\">\n\t\t\t\t\t\t\t\t\t<span class=\"elementor-button-text\">Tessenderlo (Belgien)<\/span>\n\t\t\t\t\t<\/span>\n\t\t\t\t\t<\/a>\n\t\t\t\t\t\t\t\t<\/div>\n\t\t\t\t<div class=\"elementor-element elementor-element-463a19e elementor-widget elementor-widget-button\" data-id=\"463a19e\" data-element_type=\"widget\" data-e-type=\"widget\" data-widget_type=\"button.default\">\n\t\t\t\t\t\t\t\t\t\t<a class=\"elementor-button elementor-button-link elementor-size-sm\" href=\"https:\/\/careers.vynova-group.com\/de\/location\/wilhelmshaven-deutschland\/\">\n\t\t\t\t\t\t<span class=\"elementor-button-content-wrapper\">\n\t\t\t\t\t\t\t\t\t<span class=\"elementor-button-text\">Wilhelmshaven (Deutschland)<\/span>\n\t\t\t\t\t<\/span>\n\t\t\t\t\t<\/a>\n\t\t\t\t\t\t\t\t<\/div>\n\t\t\t\t<div class=\"elementor-element elementor-element-3fa758f elementor-widget elementor-widget-button\" data-id=\"3fa758f\" data-element_type=\"widget\" data-e-type=\"widget\" data-widget_type=\"button.default\">\n\t\t\t\t\t\t\t\t\t\t<a class=\"elementor-button elementor-button-link elementor-size-sm\" href=\"https:\/\/careers.vynova-group.com\/de\/location\/mazingarbe-france\/\">\n\t\t\t\t\t\t<span class=\"elementor-button-content-wrapper\">\n\t\t\t\t\t\t\t\t\t<span class=\"elementor-button-text\">Mazingarbe (Frankreich)<\/span>\n\t\t\t\t\t<\/span>\n\t\t\t\t\t<\/a>\n\t\t\t\t\t\t\t\t<\/div>\n\t\t\t\t<div class=\"elementor-element elementor-element-a688cbb elementor-widget elementor-widget-button\" data-id=\"a688cbb\" data-element_type=\"widget\" data-e-type=\"widget\" data-widget_type=\"button.default\">\n\t\t\t\t\t\t\t\t\t\t<a class=\"elementor-button elementor-button-link elementor-size-sm\" href=\"https:\/\/careers.vynova-group.com\/de\/location\/beek-the-netherlands\/\">\n\t\t\t\t\t\t<span class=\"elementor-button-content-wrapper\">\n\t\t\t\t\t\t\t\t\t<span class=\"elementor-button-text\">Beek (Die Niederlande)<\/span>\n\t\t\t\t\t<\/span>\n\t\t\t\t\t<\/a>\n\t\t\t\t\t\t\t\t<\/div>\n\t\t\t\t<div class=\"elementor-element elementor-element-3fd1414 elementor-widget elementor-widget-button\" data-id=\"3fd1414\" data-element_type=\"widget\" data-e-type=\"widget\" data-widget_type=\"button.default\">\n\t\t\t\t\t\t\t\t\t\t<a class=\"elementor-button elementor-button-link elementor-size-sm\" href=\"https:\/\/careers.vynova-group.com\/de\/location\/runcorn-uk\/\">\n\t\t\t\t\t\t<span class=\"elementor-button-content-wrapper\">\n\t\t\t\t\t\t\t\t\t<span class=\"elementor-button-text\">Runcorn (Vereinigtes K\u00f6nigreich)<\/span>\n\t\t\t\t\t<\/span>\n\t\t\t\t\t<\/a>\n\t\t\t\t\t\t\t\t<\/div>\n\t\t\t\t<\/div>\n\t\t\t\t\t<\/div>\n\t\t\t\t<\/div>\n\t\t\t\t<\/div>\n\t\t","protected":false},"excerpt":{"rendered":"<p>Unsere Standorte Wir haben mehrere Standorte in ganz Europa. Entdecken Sie die Besonderheiten unserer Standorte und die Jobs, die wir an den verschiedenen Niederlassungen zu bieten haben. &nbsp; Tessenderlo (Belgien) Wilhelmshaven (Deutschland) Mazingarbe (Frankreich) Beek (Niederlande) Runcorn (Vereinigtes K\u00f6nigreich) Unsere Vynova-Standorte in ganz Europa Jeder Standort hat seine eigene Geschichte und seine eigene Expertise, aber [&hellip;]<\/p>\n","protected":false},"author":1,"featured_media":0,"parent":0,"menu_order":0,"comment_status":"closed","ping_status":"closed","template":"","meta":{"footnotes":""},"class_list":["post-15551","page","type-page","status-publish","hentry"],"yoast_head":"<!-- This site is optimized with the Yoast SEO plugin v27.5 - https:\/\/yoast.com\/product\/yoast-seo-wordpress\/ -->\n<title>Standorte - Vynova<\/title>\n<meta name=\"robots\" content=\"index, follow, max-snippet:-1, max-image-preview:large, max-video-preview:-1\" \/>\n<link rel=\"canonical\" href=\"https:\/\/careers.vynova-group.com\/de\/locations\/\" \/>\n<meta property=\"og:locale\" content=\"de_DE\" \/>\n<meta property=\"og:type\" content=\"article\" \/>\n<meta property=\"og:title\" content=\"Standorte - Vynova\" \/>\n<meta property=\"og:description\" content=\"Unsere Standorte Wir haben mehrere Standorte in ganz Europa. Entdecken Sie die Besonderheiten unserer Standorte und die Jobs, die wir an den verschiedenen Niederlassungen zu bieten haben. &nbsp; Tessenderlo (Belgien) Wilhelmshaven (Deutschland) Mazingarbe (Frankreich) Beek (Niederlande) Runcorn (Vereinigtes K\u00f6nigreich) Unsere Vynova-Standorte in ganz Europa Jeder Standort hat seine eigene Geschichte und seine eigene Expertise, aber [&hellip;]\" \/>\n<meta property=\"og:url\" content=\"https:\/\/careers.vynova-group.com\/de\/locations\/\" \/>\n<meta property=\"og:site_name\" content=\"Vynova\" \/>\n<meta property=\"article:modified_time\" content=\"2025-04-22T08:49:29+00:00\" \/>\n<meta property=\"og:image\" content=\"https:\/\/careers.vynova-group.com\/wp-content\/uploads\/2025\/03\/Tessenderlo.webp\" \/>\n\t<meta property=\"og:image:width\" content=\"500\" \/>\n\t<meta property=\"og:image:height\" content=\"500\" \/>\n\t<meta property=\"og:image:type\" content=\"image\/webp\" \/>\n<meta name=\"twitter:card\" content=\"summary_large_image\" \/>\n<meta name=\"twitter:label1\" content=\"Gesch\u00e4tzte Lesezeit\" \/>\n\t<meta name=\"twitter:data1\" content=\"1\u00a0Minute\" \/>\n<script type=\"application\/ld+json\" class=\"yoast-schema-graph\">{\"@context\":\"https:\\\/\\\/schema.org\",\"@graph\":[{\"@type\":\"WebPage\",\"@id\":\"https:\\\/\\\/careers.vynova-group.com\\\/de\\\/locations\\\/\",\"url\":\"https:\\\/\\\/careers.vynova-group.com\\\/de\\\/locations\\\/\",\"name\":\"Standorte - Vynova\",\"isPartOf\":{\"@id\":\"https:\\\/\\\/careers.vynova-group.com\\\/de\\\/#website\"},\"primaryImageOfPage\":{\"@id\":\"https:\\\/\\\/careers.vynova-group.com\\\/de\\\/locations\\\/#primaryimage\"},\"image\":{\"@id\":\"https:\\\/\\\/careers.vynova-group.com\\\/de\\\/locations\\\/#primaryimage\"},\"thumbnailUrl\":\"https:\\\/\\\/careers.vynova-group.com\\\/wp-content\\\/uploads\\\/2025\\\/03\\\/Tessenderlo.webp\",\"datePublished\":\"2023-08-09T12:06:47+00:00\",\"dateModified\":\"2025-04-22T08:49:29+00:00\",\"breadcrumb\":{\"@id\":\"https:\\\/\\\/careers.vynova-group.com\\\/de\\\/locations\\\/#breadcrumb\"},\"inLanguage\":\"de\",\"potentialAction\":[{\"@type\":\"ReadAction\",\"target\":[\"https:\\\/\\\/careers.vynova-group.com\\\/de\\\/locations\\\/\"]}]},{\"@type\":\"ImageObject\",\"inLanguage\":\"de\",\"@id\":\"https:\\\/\\\/careers.vynova-group.com\\\/de\\\/locations\\\/#primaryimage\",\"url\":\"https:\\\/\\\/careers.vynova-group.com\\\/wp-content\\\/uploads\\\/2025\\\/03\\\/Tessenderlo.webp\",\"contentUrl\":\"https:\\\/\\\/careers.vynova-group.com\\\/wp-content\\\/uploads\\\/2025\\\/03\\\/Tessenderlo.webp\"},{\"@type\":\"BreadcrumbList\",\"@id\":\"https:\\\/\\\/careers.vynova-group.com\\\/de\\\/locations\\\/#breadcrumb\",\"itemListElement\":[{\"@type\":\"ListItem\",\"position\":1,\"name\":\"Home\",\"item\":\"https:\\\/\\\/careers.vynova-group.com\\\/de\\\/home\\\/\"},{\"@type\":\"ListItem\",\"position\":2,\"name\":\"Standorte\"}]},{\"@type\":\"WebSite\",\"@id\":\"https:\\\/\\\/careers.vynova-group.com\\\/de\\\/#website\",\"url\":\"https:\\\/\\\/careers.vynova-group.com\\\/de\\\/\",\"name\":\"Vynova\",\"description\":\"\",\"publisher\":{\"@id\":\"https:\\\/\\\/careers.vynova-group.com\\\/de\\\/#organization\"},\"potentialAction\":[{\"@type\":\"SearchAction\",\"target\":{\"@type\":\"EntryPoint\",\"urlTemplate\":\"https:\\\/\\\/careers.vynova-group.com\\\/de\\\/?s={search_term_string}\"},\"query-input\":{\"@type\":\"PropertyValueSpecification\",\"valueRequired\":true,\"valueName\":\"search_term_string\"}}],\"inLanguage\":\"de\"},{\"@type\":\"Organization\",\"@id\":\"https:\\\/\\\/careers.vynova-group.com\\\/de\\\/#organization\",\"name\":\"Vynova\",\"url\":\"https:\\\/\\\/careers.vynova-group.com\\\/de\\\/\",\"logo\":{\"@type\":\"ImageObject\",\"inLanguage\":\"de\",\"@id\":\"https:\\\/\\\/careers.vynova-group.com\\\/de\\\/#\\\/schema\\\/logo\\\/image\\\/\",\"url\":\"https:\\\/\\\/careers.vynova-group.com\\\/wp-content\\\/uploads\\\/2022\\\/07\\\/vynova-logo.svg\",\"contentUrl\":\"https:\\\/\\\/careers.vynova-group.com\\\/wp-content\\\/uploads\\\/2022\\\/07\\\/vynova-logo.svg\",\"width\":223,\"height\":99,\"caption\":\"Vynova\"},\"image\":{\"@id\":\"https:\\\/\\\/careers.vynova-group.com\\\/de\\\/#\\\/schema\\\/logo\\\/image\\\/\"}}]}<\/script>\n<!-- \/ Yoast SEO plugin. -->","yoast_head_json":{"title":"Standorte - Vynova","robots":{"index":"index","follow":"follow","max-snippet":"max-snippet:-1","max-image-preview":"max-image-preview:large","max-video-preview":"max-video-preview:-1"},"canonical":"https:\/\/careers.vynova-group.com\/de\/locations\/","og_locale":"de_DE","og_type":"article","og_title":"Standorte - Vynova","og_description":"Unsere Standorte Wir haben mehrere Standorte in ganz Europa. Entdecken Sie die Besonderheiten unserer Standorte und die Jobs, die wir an den verschiedenen Niederlassungen zu bieten haben. &nbsp; Tessenderlo (Belgien) Wilhelmshaven (Deutschland) Mazingarbe (Frankreich) Beek (Niederlande) Runcorn (Vereinigtes K\u00f6nigreich) Unsere Vynova-Standorte in ganz Europa Jeder Standort hat seine eigene Geschichte und seine eigene Expertise, aber [&hellip;]","og_url":"https:\/\/careers.vynova-group.com\/de\/locations\/","og_site_name":"Vynova","article_modified_time":"2025-04-22T08:49:29+00:00","og_image":[{"width":500,"height":500,"url":"https:\/\/careers.vynova-group.com\/wp-content\/uploads\/2025\/03\/Tessenderlo.webp","type":"image\/webp"}],"twitter_card":"summary_large_image","twitter_misc":{"Gesch\u00e4tzte Lesezeit":"1\u00a0Minute"},"schema":{"@context":"https:\/\/schema.org","@graph":[{"@type":"WebPage","@id":"https:\/\/careers.vynova-group.com\/de\/locations\/","url":"https:\/\/careers.vynova-group.com\/de\/locations\/","name":"Standorte - Vynova","isPartOf":{"@id":"https:\/\/careers.vynova-group.com\/de\/#website"},"primaryImageOfPage":{"@id":"https:\/\/careers.vynova-group.com\/de\/locations\/#primaryimage"},"image":{"@id":"https:\/\/careers.vynova-group.com\/de\/locations\/#primaryimage"},"thumbnailUrl":"https:\/\/careers.vynova-group.com\/wp-content\/uploads\/2025\/03\/Tessenderlo.webp","datePublished":"2023-08-09T12:06:47+00:00","dateModified":"2025-04-22T08:49:29+00:00","breadcrumb":{"@id":"https:\/\/careers.vynova-group.com\/de\/locations\/#breadcrumb"},"inLanguage":"de","potentialAction":[{"@type":"ReadAction","target":["https:\/\/careers.vynova-group.com\/de\/locations\/"]}]},{"@type":"ImageObject","inLanguage":"de","@id":"https:\/\/careers.vynova-group.com\/de\/locations\/#primaryimage","url":"https:\/\/careers.vynova-group.com\/wp-content\/uploads\/2025\/03\/Tessenderlo.webp","contentUrl":"https:\/\/careers.vynova-group.com\/wp-content\/uploads\/2025\/03\/Tessenderlo.webp"},{"@type":"BreadcrumbList","@id":"https:\/\/careers.vynova-group.com\/de\/locations\/#breadcrumb","itemListElement":[{"@type":"ListItem","position":1,"name":"Home","item":"https:\/\/careers.vynova-group.com\/de\/home\/"},{"@type":"ListItem","position":2,"name":"Standorte"}]},{"@type":"WebSite","@id":"https:\/\/careers.vynova-group.com\/de\/#website","url":"https:\/\/careers.vynova-group.com\/de\/","name":"Vynova","description":"","publisher":{"@id":"https:\/\/careers.vynova-group.com\/de\/#organization"},"potentialAction":[{"@type":"SearchAction","target":{"@type":"EntryPoint","urlTemplate":"https:\/\/careers.vynova-group.com\/de\/?s={search_term_string}"},"query-input":{"@type":"PropertyValueSpecification","valueRequired":true,"valueName":"search_term_string"}}],"inLanguage":"de"},{"@type":"Organization","@id":"https:\/\/careers.vynova-group.com\/de\/#organization","name":"Vynova","url":"https:\/\/careers.vynova-group.com\/de\/","logo":{"@type":"ImageObject","inLanguage":"de","@id":"https:\/\/careers.vynova-group.com\/de\/#\/schema\/logo\/image\/","url":"https:\/\/careers.vynova-group.com\/wp-content\/uploads\/2022\/07\/vynova-logo.svg","contentUrl":"https:\/\/careers.vynova-group.com\/wp-content\/uploads\/2022\/07\/vynova-logo.svg","width":223,"height":99,"caption":"Vynova"},"image":{"@id":"https:\/\/careers.vynova-group.com\/de\/#\/schema\/logo\/image\/"}}]}},"_links":{"self":[{"href":"https:\/\/careers.vynova-group.com\/de\/wp-json\/wp\/v2\/pages\/15551","targetHints":{"allow":["GET"]}}],"collection":[{"href":"https:\/\/careers.vynova-group.com\/de\/wp-json\/wp\/v2\/pages"}],"about":[{"href":"https:\/\/careers.vynova-group.com\/de\/wp-json\/wp\/v2\/types\/page"}],"author":[{"embeddable":true,"href":"https:\/\/careers.vynova-group.com\/de\/wp-json\/wp\/v2\/users\/1"}],"replies":[{"embeddable":true,"href":"https:\/\/careers.vynova-group.com\/de\/wp-json\/wp\/v2\/comments?post=15551"}],"version-history":[{"count":0,"href":"https:\/\/careers.vynova-group.com\/de\/wp-json\/wp\/v2\/pages\/15551\/revisions"}],"wp:attachment":[{"href":"https:\/\/careers.vynova-group.com\/de\/wp-json\/wp\/v2\/media?parent=15551"}],"curies":[{"name":"wp","href":"https:\/\/api.w.org\/{rel}","templated":true}]}}